{"id":3564,"date":"2022-08-10T14:51:17","date_gmt":"2022-08-10T20:51:17","guid":{"rendered":"https:\/\/developers.xoles.net\/711-2022\/?page_id=3564"},"modified":"2022-08-10T15:12:50","modified_gmt":"2022-08-10T21:12:50","slug":"tu-opinion-contacto","status":"publish","type":"page","link":"https:\/\/developers.xoles.net\/711-2022\/tu-opinion-contacto\/","title":{"rendered":"Tu opini\u00f3n nos interesa"},"content":{"rendered":"[vc_row thb_full_width=&#8221;true&#8221; thb_row_padding=&#8221;true&#8221; thb_column_padding=&#8221;true&#8221; disable_element=&#8221;yes&#8221; thb_divider_position=&#8221;bottom&#8221;][vc_column]\t<div class=\"contact_map \n\t\" style=\"height:70vh\" data-map-style=\"[{&quot;featureType&quot;:&quot;administrative.locality&quot;,&quot;elementType&quot;:&quot;all&quot;,&quot;stylers&quot;:[{&quot;hue&quot;:&quot;#ff0200&quot;},{&quot;saturation&quot;:7},{&quot;lightness&quot;:19},{&quot;visibility&quot;:&quot;on&quot;}]},{&quot;featureType&quot;:&quot;administrative.locality&quot;,&quot;elementType&quot;:&quot;labels.text&quot;,&quot;stylers&quot;:[{&quot;visibility&quot;:&quot;on&quot;},{&quot;saturation&quot;:&quot;-3&quot;}]},{&quot;featureType&quot;:&quot;administrative.locality&quot;,&quot;elementType&quot;:&quot;labels.text.fill&quot;,&quot;stylers&quot;:[{&quot;color&quot;:&quot;#748ca3&quot;}]},{&quot;featureType&quot;:&quot;landscape&quot;,&quot;elementType&quot;:&quot;all&quot;,&quot;stylers&quot;:[{&quot;hue&quot;:&quot;#ff0200&quot;},{&quot;saturation&quot;:-100},{&quot;lightness&quot;:100},{&quot;visibility&quot;:&quot;simplified&quot;}]},{&quot;featureType&quot;:&quot;poi&quot;,&quot;elementType&quot;:&quot;all&quot;,&quot;stylers&quot;:[{&quot;hue&quot;:&quot;#ff0200&quot;},{&quot;saturation&quot;:&quot;23&quot;},{&quot;lightness&quot;:&quot;20&quot;},{&quot;visibility&quot;:&quot;off&quot;}]},{&quot;featureType&quot;:&quot;poi.school&quot;,&quot;elementType&quot;:&quot;geometry.fill&quot;,&quot;stylers&quot;:[{&quot;color&quot;:&quot;#ffdbda&quot;},{&quot;saturation&quot;:&quot;0&quot;},{&quot;visibility&quot;:&quot;on&quot;}]},{&quot;featureType&quot;:&quot;road&quot;,&quot;elementType&quot;:&quot;geometry&quot;,&quot;stylers&quot;:[{&quot;hue&quot;:&quot;#ff0200&quot;},{&quot;saturation&quot;:&quot;100&quot;},{&quot;lightness&quot;:31},{&quot;visibility&quot;:&quot;simplified&quot;}]},{&quot;featureType&quot;:&quot;road&quot;,&quot;elementType&quot;:&quot;geometry.stroke&quot;,&quot;stylers&quot;:[{&quot;color&quot;:&quot;#f39247&quot;},{&quot;saturation&quot;:&quot;0&quot;}]},{&quot;featureType&quot;:&quot;road&quot;,&quot;elementType&quot;:&quot;labels&quot;,&quot;stylers&quot;:[{&quot;hue&quot;:&quot;#008eff&quot;},{&quot;saturation&quot;:-93},{&quot;lightness&quot;:31},{&quot;visibility&quot;:&quot;on&quot;}]},{&quot;featureType&quot;:&quot;road.arterial&quot;,&quot;elementType&quot;:&quot;geometry.stroke&quot;,&quot;stylers&quot;:[{&quot;visibility&quot;:&quot;on&quot;},{&quot;color&quot;:&quot;#ffe5e5&quot;},{&quot;saturation&quot;:&quot;0&quot;}]},{&quot;featureType&quot;:&quot;road.arterial&quot;,&quot;elementType&quot;:&quot;labels&quot;,&quot;stylers&quot;:[{&quot;hue&quot;:&quot;#bbc0c4&quot;},{&quot;saturation&quot;:-93},{&quot;lightness&quot;:-2},{&quot;visibility&quot;:&quot;simplified&quot;}]},{&quot;featureType&quot;:&quot;road.arterial&quot;,&quot;elementType&quot;:&quot;labels.text&quot;,&quot;stylers&quot;:[{&quot;visibility&quot;:&quot;off&quot;}]},{&quot;featureType&quot;:&quot;road.local&quot;,&quot;elementType&quot;:&quot;geometry&quot;,&quot;stylers&quot;:[{&quot;hue&quot;:&quot;#ff0200&quot;},{&quot;saturation&quot;:-90},{&quot;lightness&quot;:-8},{&quot;visibility&quot;:&quot;simplified&quot;}]},{&quot;featureType&quot;:&quot;transit&quot;,&quot;elementType&quot;:&quot;all&quot;,&quot;stylers&quot;:[{&quot;hue&quot;:&quot;#e9ebed&quot;},{&quot;saturation&quot;:10},{&quot;lightness&quot;:69},{&quot;visibility&quot;:&quot;on&quot;}]},{&quot;featureType&quot;:&quot;water&quot;,&quot;elementType&quot;:&quot;all&quot;,&quot;stylers&quot;:[{&quot;hue&quot;:&quot;#e9ebed&quot;},{&quot;saturation&quot;:-78},{&quot;lightness&quot;:67},{&quot;visibility&quot;:&quot;simplified&quot;}]}]\" data-map-zoom=\"8\" data-map-type=\"roadmap\" data-pan-control=\"\" data-zoom-control=\"1\" data-maptype-control=\"\" data-scale-control=\"\" data-streetview-control=\"\">\n\t\t\t\t\t\n\t<input class=\"thb-location\" type=\"hidden\" data-option=\"{&quot;marker_image&quot;:&quot;https:\\\/\\\/developers.xoles.net\\\/711-2022\\\/wp-content\\\/uploads\\\/2016\\\/09\\\/amsterdam_pin-1.png&quot;,&quot;marker_title&quot;:&quot;Amsterdam&quot;,&quot;marker_description&quot;:&quot;6100 Wilshire Blvd 2nd Floor Los Angeles CA 90048 +1 310 499 7700&lt;br \\\/&gt;\\ninfo@stylesuite.nl&quot;,&quot;marker_size&quot;:[148,148],&quot;retina_marker&quot;:&quot;yes&quot;,&quot;latitude&quot;:&quot;42.78&quot;,&quot;longitude&quot;:&quot;-75&quot;}\" \/>\n\n\t\n\t<input class=\"thb-location\" type=\"hidden\" data-option=\"{&quot;marker_image&quot;:&quot;https:\\\/\\\/developers.xoles.net\\\/711-2022\\\/wp-content\\\/uploads\\\/2016\\\/09\\\/paris_pin-1.png&quot;,&quot;marker_title&quot;:&quot;Paris&quot;,&quot;marker_description&quot;:&quot;6100 Wilshire Blvd 2nd Floor Paris CA 90048 +1 310 499 7700&lt;br \\\/&gt;\\ninfo@stylesuite.nl&quot;,&quot;marker_size&quot;:[148,148],&quot;retina_marker&quot;:&quot;yes&quot;,&quot;latitude&quot;:&quot;42.20&quot;,&quot;longitude&quot;:&quot;-75.30&quot;}\" \/>\n\n\t\t\t\t<\/div>\n\t[\/vc_column][\/vc_row][vc_row thb_divider_position=&#8221;bottom&#8221; el_class=&#8221;align-center&#8221; css=&#8221;.vc_custom_1660165920040{margin-top: 70px !important;padding-top: 10vh !important;padding-bottom: 10vh !important;}&#8221;][vc_column offset=&#8221;vc_col-lg-10 vc_col-md-12&#8243;][vc_custom_heading text=&#8221;Tu opini\u00f3n nos interesa&#8221; font_container=&#8221;tag:h2|text_align:center&#8221; use_theme_fonts=&#8221;yes&#8221;][vc_column_text]\n<p style=\"text-align: center;\">Completa el formulario para enviarnos un mensaje y te contactaremos a la brevedad posible.<\/p>\n[\/vc_column_text][vc_row_inner css=&#8221;.vc_custom_1660165062014{margin-top: 100px !important;}&#8221;][vc_column_inner el_class=&#8221;vc_hidden-sm vc_hidden-xs&#8221; width=&#8221;1\/4&#8243;]\t<div id=\"thb-image-69e8fea9bddf4\" class=\"caption-style1  alignleft   thb_image_link wp-caption\">\n\t\t\t<div class=\"thb-image-inner size_100\">\n\t\t\t<img loading=\"lazy\" decoding=\"async\" width=\"232\" height=\"90\" src=\"https:\/\/developers.xoles.net\/711-2022\/wp-content\/uploads\/2022\/08\/logo-iconn-xs.png\" class=\"thb_image   thb-ignore-lazyload attachment-full thb-lazyload lazyload\" alt=\"ICONN Facilitamos tu vida\" sizes=\"(max-width: 232px) 100vw, 232px\" data-src=\"https:\/\/developers.xoles.net\/711-2022\/wp-content\/uploads\/2022\/08\/logo-iconn-xs.png\" data-sizes=\"auto\" data-srcset=\"https:\/\/developers.xoles.net\/711-2022\/wp-content\/uploads\/2022\/08\/logo-iconn-xs.png 232w, https:\/\/developers.xoles.net\/711-2022\/wp-content\/uploads\/2022\/08\/logo-iconn-xs-20x9.png 20w\" \/>\n\t\t<\/div>\n\t\t\t\t\t<\/div>\n\t[vc_empty_space height=&#8221;100px&#8221;][vc_column_text]<strong>Enlaces R\u00e1pidos<\/strong><\/p>\n<ul>\n<li><a href=\"https:\/\/developers.xoles.net\/711-2022\/#\">Facturaci\u00f3n Electr\u00f3nica<\/a><\/li>\n<li><a href=\"https:\/\/developers.xoles.net\/711-2022\/#\">Buscador de Tiendas<\/a><\/li>\n<li><a href=\"https:\/\/developers.xoles.net\/711-2022\/#\">Bolsa de Trabajo<\/a><\/li>\n<li><a href=\"https:\/\/developers.xoles.net\/711-2022\/#\">Descarga la App 7-Eleven<\/a><\/li>\n<li><a href=\"https:\/\/developers.xoles.net\/711-2022\/#\">Comunicado COVID-19<\/a><\/li>\n<li><a href=\"https:\/\/developers.xoles.net\/711-2022\/#\">Aviso de Privacidad<\/a><\/li>\n<\/ul>\n[\/vc_column_text][\/vc_column_inner][vc_column_inner width=&#8221;3\/4&#8243; css=&#8221;.vc_custom_1474478996357{padding-left: 5% !important;}&#8221;]\n<div class=\"wpcf7 no-js\" id=\"wpcf7-f1343-o1\" lang=\"en-US\" dir=\"ltr\" data-wpcf7-id=\"1343\">\n<div class=\"screen-reader-response\"><p role=\"status\" aria-live=\"polite\" aria-atomic=\"true\"><\/p> <ul><\/ul><\/div>\n<form action=\"\/711-2022\/wp-json\/wp\/v2\/pages\/3564#wpcf7-f1343-o1\" method=\"post\" class=\"wpcf7-form init\" aria-label=\"Contact form\" novalidate=\"novalidate\" data-status=\"init\">\n<div style=\"display: none;\">\n<input type=\"hidden\" name=\"_wpcf7\" value=\"1343\" \/>\n<input type=\"hidden\" name=\"_wpcf7_version\" value=\"6.0\" \/>\n<input type=\"hidden\" name=\"_wpcf7_locale\" value=\"en_US\" \/>\n<input type=\"hidden\" name=\"_wpcf7_unit_tag\" value=\"wpcf7-f1343-o1\" \/>\n<input type=\"hidden\" name=\"_wpcf7_container_post\" value=\"0\" \/>\n<input type=\"hidden\" name=\"_wpcf7_posted_data_hash\" value=\"\" \/>\n<\/div>\n<p><label> Tu nombre completo<br \/>\n<span class=\"wpcf7-form-control-wrap\" data-name=\"nombre\"><input size=\"40\" maxlength=\"400\" class=\"wpcf7-form-control wpcf7-text wpcf7-validates-as-required\" aria-required=\"true\" aria-invalid=\"false\" value=\"\" type=\"text\" name=\"nombre\" \/><\/span> <\/label>\n<\/p>\n<p><label> Tu e-mail<br \/>\n<span class=\"wpcf7-form-control-wrap\" data-name=\"email\"><input size=\"40\" maxlength=\"400\" class=\"wpcf7-form-control wpcf7-email wpcf7-validates-as-required wpcf7-text wpcf7-validates-as-email\" aria-required=\"true\" aria-invalid=\"false\" value=\"\" type=\"email\" name=\"email\" \/><\/span> <\/label>\n<\/p>\n<p><label> Tu tel\u00e9fono (opcional)<br \/>\n<span class=\"wpcf7-form-control-wrap\" data-name=\"telefono\"><input size=\"40\" maxlength=\"400\" class=\"wpcf7-form-control wpcf7-tel wpcf7-text wpcf7-validates-as-tel\" aria-invalid=\"false\" placeholder=\"8 d\u00edgitos\" value=\"\" type=\"tel\" name=\"telefono\" \/><\/span> <\/label>\n<\/p>\n<p><label> Asunto<br \/>\n<span class=\"wpcf7-form-control-wrap\" data-name=\"asunto\"><input size=\"40\" maxlength=\"400\" class=\"wpcf7-form-control wpcf7-text wpcf7-validates-as-required\" aria-required=\"true\" aria-invalid=\"false\" value=\"\" type=\"text\" name=\"asunto\" \/><\/span> <\/label>\n<\/p>\n<p><label> Tu mensaje<br \/>\n<span class=\"wpcf7-form-control-wrap\" data-name=\"mensaje\"><textarea cols=\"40\" rows=\"10\" maxlength=\"2000\" class=\"wpcf7-form-control wpcf7-textarea wpcf7-validates-as-required\" aria-required=\"true\" aria-invalid=\"false\" name=\"mensaje\"><\/textarea><\/span> <\/label>\n<\/p>\n<p><input class=\"wpcf7-form-control wpcf7-submit has-spinner\" type=\"submit\" value=\"Enviar\" \/>\n<\/p><div class=\"wpcf7-response-output\" aria-hidden=\"true\"><\/div>\n<\/form>\n<\/div>\n[\/vc_column_inner][\/vc_row_inner][\/vc_column][\/vc_row]\n","protected":false},"excerpt":{"rendered":"<p>[vc_row thb_full_width=&#8221;true&#8221; thb_row_padding=&#8221;true&#8221; thb_column_padding=&#8221;true&#8221; disable_element=&#8221;yes&#8221; thb_divider_position=&#8221;bottom&#8221;][vc_column][\/vc_column][\/vc_row][vc_row thb_divider_position=&#8221;bottom&#8221; el_class=&#8221;align-center&#8221; css=&#8221;.vc_custom_1660165920040{margin-top: 70px !important;padding-top: 10vh !important;padding-bottom: 10vh !important;}&#8221;][vc_column offset=&#8221;vc_col-lg-10 vc_col-md-12&#8243;][vc_custom_heading text=&#8221;Tu opini\u00f3n nos interesa&#8221; font_container=&#8221;tag:h2|text_align:center&#8221; use_theme_fonts=&#8221;yes&#8221;][vc_column_text] Completa el formulario para enviarnos un mensaje y te contactaremos a la brevedad posible. [\/vc_column_text][vc_row_inner css=&#8221;.vc_custom_1660165062014{margin-top: 100px !important;}&#8221;][vc_column_inner el_class=&#8221;vc_hidden-sm vc_hidden-xs&#8221; width=&#8221;1\/4&#8243;][vc_empty_space height=&#8221;100px&#8221;][vc_column_text]Enlaces R\u00e1pidos Facturaci\u00f3n Electr\u00f3nica Buscador de Tiendas Bolsa de Trabajo Descarga&hellip;<\/p>\n","protected":false},"author":1,"featured_media":0,"parent":0,"menu_order":0,"comment_status":"closed","ping_status":"closed","template":"","meta":{"footnotes":""},"class_list":["post-3564","page","type-page","status-publish","hentry"],"yoast_head":"<!-- This site is optimized with the Yoast SEO plugin v23.8 - https:\/\/yoast.com\/wordpress\/plugins\/seo\/ -->\n<title>Tu opini\u00f3n nos interesa - 7-Eleven<\/title>\n<meta name=\"robots\" content=\"noindex, follow, max-snippet:-1, max-image-preview:large, max-video-preview:-1\" \/>\n<meta property=\"og:locale\" content=\"es_MX\" \/>\n<meta property=\"og:type\" content=\"article\" \/>\n<meta property=\"og:title\" content=\"Tu opini\u00f3n nos interesa - 7-Eleven\" \/>\n<meta property=\"og:description\" content=\"[vc_row thb_full_width=&#8221;true&#8221; thb_row_padding=&#8221;true&#8221; thb_column_padding=&#8221;true&#8221; disable_element=&#8221;yes&#8221; thb_divider_position=&#8221;bottom&#8221;][vc_column][\/vc_column][\/vc_row][vc_row thb_divider_position=&#8221;bottom&#8221; el_class=&#8221;align-center&#8221; css=&#8221;.vc_custom_1660165920040{margin-top: 70px !important;padding-top: 10vh !important;padding-bottom: 10vh !important;}&#8221;][vc_column offset=&#8221;vc_col-lg-10 vc_col-md-12&#8243;][vc_custom_heading text=&#8221;Tu opini\u00f3n nos interesa&#8221; font_container=&#8221;tag:h2|text_align:center&#8221; use_theme_fonts=&#8221;yes&#8221;][vc_column_text] Completa el formulario para enviarnos un mensaje y te contactaremos a la brevedad posible. [\/vc_column_text][vc_row_inner css=&#8221;.vc_custom_1660165062014{margin-top: 100px !important;}&#8221;][vc_column_inner el_class=&#8221;vc_hidden-sm vc_hidden-xs&#8221; width=&#8221;1\/4&#8243;][vc_empty_space height=&#8221;100px&#8221;][vc_column_text]Enlaces R\u00e1pidos Facturaci\u00f3n Electr\u00f3nica Buscador de Tiendas Bolsa de Trabajo Descarga&hellip;\" \/>\n<meta property=\"og:url\" content=\"https:\/\/developers.xoles.net\/711-2022\/tu-opinion-contacto\/\" \/>\n<meta property=\"og:site_name\" content=\"7-Eleven\" \/>\n<meta property=\"article:modified_time\" content=\"2022-08-10T21:12:50+00:00\" \/>\n<meta name=\"twitter:card\" content=\"summary_large_image\" \/>\n<meta name=\"twitter:label1\" content=\"Tiempo de lectura\" \/>\n\t<meta name=\"twitter:data1\" content=\"3 minutos\" \/>\n<script type=\"application\/ld+json\" class=\"yoast-schema-graph\">{\"@context\":\"https:\/\/schema.org\",\"@graph\":[{\"@type\":\"WebPage\",\"@id\":\"https:\/\/developers.xoles.net\/711-2022\/tu-opinion-contacto\/\",\"url\":\"https:\/\/developers.xoles.net\/711-2022\/tu-opinion-contacto\/\",\"name\":\"Tu opini\u00f3n nos interesa - 7-Eleven\",\"isPartOf\":{\"@id\":\"https:\/\/developers.xoles.net\/711-2022\/#website\"},\"datePublished\":\"2022-08-10T20:51:17+00:00\",\"dateModified\":\"2022-08-10T21:12:50+00:00\",\"breadcrumb\":{\"@id\":\"https:\/\/developers.xoles.net\/711-2022\/tu-opinion-contacto\/#breadcrumb\"},\"inLanguage\":\"es\",\"potentialAction\":[{\"@type\":\"ReadAction\",\"target\":[\"https:\/\/developers.xoles.net\/711-2022\/tu-opinion-contacto\/\"]}]},{\"@type\":\"BreadcrumbList\",\"@id\":\"https:\/\/developers.xoles.net\/711-2022\/tu-opinion-contacto\/#breadcrumb\",\"itemListElement\":[{\"@type\":\"ListItem\",\"position\":1,\"name\":\"Home\",\"item\":\"https:\/\/developers.xoles.net\/711-2022\/\"},{\"@type\":\"ListItem\",\"position\":2,\"name\":\"Tu opini\u00f3n nos interesa\"}]},{\"@type\":\"WebSite\",\"@id\":\"https:\/\/developers.xoles.net\/711-2022\/#website\",\"url\":\"https:\/\/developers.xoles.net\/711-2022\/\",\"name\":\"7-Eleven\",\"description\":\"Empieza aqu\u00ed\",\"potentialAction\":[{\"@type\":\"SearchAction\",\"target\":{\"@type\":\"EntryPoint\",\"urlTemplate\":\"https:\/\/developers.xoles.net\/711-2022\/?s={search_term_string}\"},\"query-input\":{\"@type\":\"PropertyValueSpecification\",\"valueRequired\":true,\"valueName\":\"search_term_string\"}}],\"inLanguage\":\"es\"}]}<\/script>\n<!-- \/ Yoast SEO plugin. -->","yoast_head_json":{"title":"Tu opini\u00f3n nos interesa - 7-Eleven","robots":{"index":"noindex","follow":"follow","max-snippet":"max-snippet:-1","max-image-preview":"max-image-preview:large","max-video-preview":"max-video-preview:-1"},"og_locale":"es_MX","og_type":"article","og_title":"Tu opini\u00f3n nos interesa - 7-Eleven","og_description":"[vc_row thb_full_width=&#8221;true&#8221; thb_row_padding=&#8221;true&#8221; thb_column_padding=&#8221;true&#8221; disable_element=&#8221;yes&#8221; thb_divider_position=&#8221;bottom&#8221;][vc_column][\/vc_column][\/vc_row][vc_row thb_divider_position=&#8221;bottom&#8221; el_class=&#8221;align-center&#8221; css=&#8221;.vc_custom_1660165920040{margin-top: 70px !important;padding-top: 10vh !important;padding-bottom: 10vh !important;}&#8221;][vc_column offset=&#8221;vc_col-lg-10 vc_col-md-12&#8243;][vc_custom_heading text=&#8221;Tu opini\u00f3n nos interesa&#8221; font_container=&#8221;tag:h2|text_align:center&#8221; use_theme_fonts=&#8221;yes&#8221;][vc_column_text] Completa el formulario para enviarnos un mensaje y te contactaremos a la brevedad posible. [\/vc_column_text][vc_row_inner css=&#8221;.vc_custom_1660165062014{margin-top: 100px !important;}&#8221;][vc_column_inner el_class=&#8221;vc_hidden-sm vc_hidden-xs&#8221; width=&#8221;1\/4&#8243;][vc_empty_space height=&#8221;100px&#8221;][vc_column_text]Enlaces R\u00e1pidos Facturaci\u00f3n Electr\u00f3nica Buscador de Tiendas Bolsa de Trabajo Descarga&hellip;","og_url":"https:\/\/developers.xoles.net\/711-2022\/tu-opinion-contacto\/","og_site_name":"7-Eleven","article_modified_time":"2022-08-10T21:12:50+00:00","twitter_card":"summary_large_image","twitter_misc":{"Tiempo de lectura":"3 minutos"},"schema":{"@context":"https:\/\/schema.org","@graph":[{"@type":"WebPage","@id":"https:\/\/developers.xoles.net\/711-2022\/tu-opinion-contacto\/","url":"https:\/\/developers.xoles.net\/711-2022\/tu-opinion-contacto\/","name":"Tu opini\u00f3n nos interesa - 7-Eleven","isPartOf":{"@id":"https:\/\/developers.xoles.net\/711-2022\/#website"},"datePublished":"2022-08-10T20:51:17+00:00","dateModified":"2022-08-10T21:12:50+00:00","breadcrumb":{"@id":"https:\/\/developers.xoles.net\/711-2022\/tu-opinion-contacto\/#breadcrumb"},"inLanguage":"es","potentialAction":[{"@type":"ReadAction","target":["https:\/\/developers.xoles.net\/711-2022\/tu-opinion-contacto\/"]}]},{"@type":"BreadcrumbList","@id":"https:\/\/developers.xoles.net\/711-2022\/tu-opinion-contacto\/#breadcrumb","itemListElement":[{"@type":"ListItem","position":1,"name":"Home","item":"https:\/\/developers.xoles.net\/711-2022\/"},{"@type":"ListItem","position":2,"name":"Tu opini\u00f3n nos interesa"}]},{"@type":"WebSite","@id":"https:\/\/developers.xoles.net\/711-2022\/#website","url":"https:\/\/developers.xoles.net\/711-2022\/","name":"7-Eleven","description":"Empieza aqu\u00ed","potentialAction":[{"@type":"SearchAction","target":{"@type":"EntryPoint","urlTemplate":"https:\/\/developers.xoles.net\/711-2022\/?s={search_term_string}"},"query-input":{"@type":"PropertyValueSpecification","valueRequired":true,"valueName":"search_term_string"}}],"inLanguage":"es"}]}},"_links":{"self":[{"href":"https:\/\/developers.xoles.net\/711-2022\/wp-json\/wp\/v2\/pages\/3564"}],"collection":[{"href":"https:\/\/developers.xoles.net\/711-2022\/wp-json\/wp\/v2\/pages"}],"about":[{"href":"https:\/\/developers.xoles.net\/711-2022\/wp-json\/wp\/v2\/types\/page"}],"author":[{"embeddable":true,"href":"https:\/\/developers.xoles.net\/711-2022\/wp-json\/wp\/v2\/users\/1"}],"replies":[{"embeddable":true,"href":"https:\/\/developers.xoles.net\/711-2022\/wp-json\/wp\/v2\/comments?post=3564"}],"version-history":[{"count":11,"href":"https:\/\/developers.xoles.net\/711-2022\/wp-json\/wp\/v2\/pages\/3564\/revisions"}],"predecessor-version":[{"id":3581,"href":"https:\/\/developers.xoles.net\/711-2022\/wp-json\/wp\/v2\/pages\/3564\/revisions\/3581"}],"wp:attachment":[{"href":"https:\/\/developers.xoles.net\/711-2022\/wp-json\/wp\/v2\/media?parent=3564"}],"curies":[{"name":"wp","href":"https:\/\/api.w.org\/{rel}","templated":true}]}}