{"id":1336,"date":"2022-03-14T20:10:59","date_gmt":"2022-03-15T02:10:59","guid":{"rendered":"https:\/\/developers.xoles.net\/711-2022\/?page_id=1336"},"modified":"2022-05-02T15:13:05","modified_gmt":"2022-05-02T21:13:05","slug":"quienes-somos","status":"publish","type":"page","link":"https:\/\/developers.xoles.net\/711-2022\/nuestra-empresa\/quienes-somos\/","title":{"rendered":"Quienes somos"},"content":{"rendered":"[vc_row thb_divider_position=&#8221;bottom&#8221; el_class=&#8221;vc_hidden-sm vc_hidden-xs&#8221; css=&#8221;.vc_custom_1651525180668{margin-top: 100px !important;padding-top: 120px !important;padding-bottom: 30px !important;}&#8221;][vc_column offset=&#8221;vc_col-lg-7 vc_col-md-9&#8243;][vc_custom_heading text=&#8221;Somos parte de la cadena de Tiendas de Conveniencia m\u00e1s grande del mundo; vanguardista, en expansi\u00f3n y mejora continua.&#8221; font_container=&#8221;tag:h3|text_align:center&#8221; use_theme_fonts=&#8221;yes&#8221; el_class=&#8221;align-center&#8221;][\/vc_column][\/vc_row][vc_row thb_divider_position=&#8221;bottom&#8221; el_class=&#8221;vc_hidden-lg vc_hidden-md&#8221; css=&#8221;.vc_custom_1651525562410{margin-top: 50px !important;margin-bottom: 50px !important;padding-right: 5% !important;padding-left: 5% !important;}&#8221;][vc_column offset=&#8221;vc_col-lg-7 vc_col-md-9&#8243;][vc_column_text]\n<p style=\"text-align: center; font-size: 22px;\">Somos parte de la cadena de Tiendas de Conveniencia m\u00e1s grande del mundo; vanguardista, en expansi\u00f3n y mejora continua.<\/p>\n[\/vc_column_text][\/vc_column][\/vc_row][vc_row thb_divider_position=&#8221;bottom&#8221; el_class=&#8221;align-center&#8221;][vc_column offset=&#8221;vc_col-lg-10&#8243;]\t\t\t\t\t<div id=\"thb-image-slider-93\" class=\"thb-image-slider slick thb-image-slider-style1    dark-arrow   \" data-pagination=\"true\" data-navigation=\"\" data-center=\"0\" data-columns=\"1\" data-infinite=\"true\" data-autoplay=\"\" data-autoplay-speed=\"4000\">\n\t\t\t\t\t\t\t\t\t\t\t\t\t<figure>\n\t\t\t\t\t\t\t\t\t\t\t\t\t\t\t\t\t<img loading=\"lazy\" decoding=\"async\" width=\"1500\" height=\"1126\" src=\"https:\/\/developers.xoles.net\/711-2022\/wp-content\/uploads\/2022\/03\/fachada-nueva-tienda-tec.jpg\" class=\"thb-ignore-lazyload attachment-full thb-lazyload lazyload\" alt=\"\" sizes=\"(max-width: 1500px) 100vw, 1500px\" data-src=\"https:\/\/developers.xoles.net\/711-2022\/wp-content\/uploads\/2022\/03\/fachada-nueva-tienda-tec.jpg\" data-sizes=\"auto\" data-srcset=\"https:\/\/developers.xoles.net\/711-2022\/wp-content\/uploads\/2022\/03\/fachada-nueva-tienda-tec.jpg 1500w, https:\/\/developers.xoles.net\/711-2022\/wp-content\/uploads\/2022\/03\/fachada-nueva-tienda-tec-1024x769.jpg 1024w, https:\/\/developers.xoles.net\/711-2022\/wp-content\/uploads\/2022\/03\/fachada-nueva-tienda-tec-768x577.jpg 768w, https:\/\/developers.xoles.net\/711-2022\/wp-content\/uploads\/2022\/03\/fachada-nueva-tienda-tec-640x480.jpg 640w, https:\/\/developers.xoles.net\/711-2022\/wp-content\/uploads\/2022\/03\/fachada-nueva-tienda-tec-320x240.jpg 320w, https:\/\/developers.xoles.net\/711-2022\/wp-content\/uploads\/2022\/03\/fachada-nueva-tienda-tec-1280x961.jpg 1280w, https:\/\/developers.xoles.net\/711-2022\/wp-content\/uploads\/2022\/03\/fachada-nueva-tienda-tec-20x15.jpg 20w, https:\/\/developers.xoles.net\/711-2022\/wp-content\/uploads\/2022\/03\/fachada-nueva-tienda-tec-960x720.jpg 960w\" \/>\t\t\t\t\t\t\t\t\t\t\t\t\t\t\t\t\t\t\t\t\t\t\t\t<\/figure>\n\t\t\t\t\t\t\t\t\t\t\t\t\t\t\t<figure>\n\t\t\t\t\t\t\t\t\t\t\t\t\t\t\t\t\t<img loading=\"lazy\" decoding=\"async\" width=\"1154\" height=\"700\" src=\"https:\/\/developers.xoles.net\/711-2022\/wp-content\/uploads\/2016\/09\/slider_03.jpg\" class=\"thb-ignore-lazyload attachment-full thb-lazyload lazyload\" alt=\"\" data-src=\"https:\/\/developers.xoles.net\/711-2022\/wp-content\/uploads\/2016\/09\/slider_03.jpg\" data-sizes=\"auto\" \/>\t\t\t\t\t\t\t\t\t\t\t\t\t\t\t\t\t\t\t\t\t\t\t\t<\/figure>\n\t\t\t\t\t\t\t\t\t\t\t\t\t\t\t<figure>\n\t\t\t\t\t\t\t\t\t\t\t\t\t\t\t\t\t<img loading=\"lazy\" decoding=\"async\" width=\"1154\" height=\"700\" src=\"https:\/\/developers.xoles.net\/711-2022\/wp-content\/uploads\/2016\/09\/slider_02.jpg\" class=\"thb-ignore-lazyload attachment-full thb-lazyload lazyload\" alt=\"\" data-src=\"https:\/\/developers.xoles.net\/711-2022\/wp-content\/uploads\/2016\/09\/slider_02.jpg\" data-sizes=\"auto\" \/>\t\t\t\t\t\t\t\t\t\t\t\t\t\t\t\t\t\t\t\t\t\t\t\t<\/figure>\n\t\t\t\t\t\t\t\t\t\t\t<\/div>\n\t\t\t\t\t\t[\/vc_column][\/vc_row][vc_row thb_divider_position=&#8221;bottom&#8221; el_class=&#8221;vc_hidden-sm vc_hidden-xs&#8221; css=&#8221;.vc_custom_1651525311924{margin-top: 100px !important;}&#8221;][vc_column offset=&#8221;vc_col-lg-7 vc_col-md-9&#8243;][vc_column_text el_class=&#8221;align-center&#8221;]\n<h4><strong>Ofrecemos al consumidor una experiencia de compra que excede sus expectativas, entendiendo, anticipando y satisfaciendo sus necesidades, antojos y servicios, a trav\u00e9s de un ambiente limpio y seguro.<\/strong><\/h4>\n<h4><strong>Trabajamos para brindar siempre un servicio r\u00e1pido y amigable<br \/>\ncon la mejor selecci\u00f3n de productos y servicios con calidad y frescura a un precio justo.<\/strong><\/h4>\n[\/vc_column_text][\/vc_column][\/vc_row][vc_row thb_divider_position=&#8221;bottom&#8221; el_class=&#8221;vc_hidden-lg vc_hidden-md&#8221; css=&#8221;.vc_custom_1651525642335{margin-top: 100px !important;padding-right: 5% !important;padding-left: 5% !important;}&#8221;][vc_column offset=&#8221;vc_col-lg-7 vc_col-md-9&#8243;][vc_column_text el_class=&#8221;align-center&#8221; css=&#8221;.vc_custom_1651525676952{padding-right: 5% !important;padding-left: 5% !important;}&#8221;]\n<p style=\"font-size: 22px;\">Ofrecemos al consumidor una experiencia de compra que excede sus expectativas, entendiendo, anticipando y satisfaciendo sus necesidades, antojos y servicios, a trav\u00e9s de un ambiente limpio y seguro.<\/p>\n<p style=\"font-size: 22px;\">Trabajamos para brindar siempre un servicio r\u00e1pido y amigable con la mejor selecci\u00f3n de productos y servicios con calidad y frescura a un precio justo.<\/p>\n[\/vc_column_text][\/vc_column][\/vc_row][vc_row thb_full_width=&#8221;true&#8221; thb_divider_position=&#8221;bottom&#8221; el_class=&#8221;align-center&#8221; css=&#8221;.vc_custom_1649958712421{margin-top: 100px !important;}&#8221;][vc_column offset=&#8221;vc_col-lg-12&#8243; css=&#8221;.vc_custom_1647308978148{padding-right: 2% !important;padding-left: 2% !important;}&#8221; el_class=&#8221;xlarge-9&#8243;][vc_row_inner][vc_column_inner width=&#8221;1\/3&#8243;][vc_column_text css=&#8221;.vc_custom_1649958829779{margin-bottom: -50px !important;}&#8221;]\n<p style=\"text-align: center;\">Facilitamos la vida de<\/p>\n[\/vc_column_text]\t<div class=\"thb-counter \" id=\"thb-counter-72\">\n\t\t<style>\n\t\t#thb-counter-72 .odometer.odometer-auto-theme.odometer-animating-up .odometer-ribbon-inner,\n\t\t#thb-counter-72 .odometer.odometer-theme-minimal.odometer-animating-up .odometer-ribbon-inner {\n\t\t\ttransition: transform 2s;\n\t\t}\n\t\t<\/style>\n\t\t<figure>\n\t\t\t\t\t<\/figure>\n\t\t<div class=\"h1\" data-count=\"1\" data-speed=\"2000\">0<\/div>\n\t\t<h6><\/h6>\n\t<\/div>\n\t[vc_column_text css=&#8221;.vc_custom_1649958916538{margin-top: -20px !important;}&#8221;]\n<p style=\"text-align: center;\">mill\u00f3n de clientes diariamente.<\/p>\n[\/vc_column_text][\/vc_column_inner][vc_column_inner width=&#8221;1\/3&#8243;][vc_column_text css=&#8221;.vc_custom_1649958849692{margin-bottom: -50px !important;}&#8221;]\n<p style=\"text-align: center;\">Un equipo mayor a<\/p>\n[\/vc_column_text]\t<div class=\"thb-counter \" id=\"thb-counter-17\">\n\t\t<style>\n\t\t#thb-counter-17 .odometer.odometer-auto-theme.odometer-animating-up .odometer-ribbon-inner,\n\t\t#thb-counter-17 .odometer.odometer-theme-minimal.odometer-animating-up .odometer-ribbon-inner {\n\t\t\ttransition: transform 2s;\n\t\t}\n\t\t<\/style>\n\t\t<figure>\n\t\t\t\t\t<\/figure>\n\t\t<div class=\"h1\" data-count=\"14000\" data-speed=\"2000\">0<\/div>\n\t\t<h6><\/h6>\n\t<\/div>\n\t[vc_column_text css=&#8221;.vc_custom_1649958923794{margin-top: -20px !important;}&#8221;]\n<p style=\"text-align: center;\">colaboradores.<\/p>\n[\/vc_column_text][\/vc_column_inner][vc_column_inner width=&#8221;1\/3&#8243;][vc_column_text css=&#8221;.vc_custom_1649958857081{margin-bottom: -50px !important;}&#8221;]\n<p style=\"text-align: center;\">Con presencia en<\/p>\n[\/vc_column_text]\t<div class=\"thb-counter \" id=\"thb-counter-61\">\n\t\t<style>\n\t\t#thb-counter-61 .odometer.odometer-auto-theme.odometer-animating-up .odometer-ribbon-inner,\n\t\t#thb-counter-61 .odometer.odometer-theme-minimal.odometer-animating-up .odometer-ribbon-inner {\n\t\t\ttransition: transform 2s;\n\t\t}\n\t\t<\/style>\n\t\t<figure>\n\t\t\t\t\t<\/figure>\n\t\t<div class=\"h1\" data-count=\"13\" data-speed=\"2000\">0<\/div>\n\t\t<h6><\/h6>\n\t<\/div>\n\t[vc_column_text css=&#8221;.vc_custom_1649958954475{margin-top: -20px !important;}&#8221;]\n<p style=\"text-align: center;\">Estados del pa\u00eds.<\/p>\n[\/vc_column_text][\/vc_column_inner][\/vc_row_inner][\/vc_column][\/vc_row][vc_row thb_divider_position=&#8221;bottom&#8221; el_class=&#8221;vc_hidden-sm vc_hidden-xs&#8221; css=&#8221;.vc_custom_1651525720119{margin-top: 100px !important;}&#8221;][vc_column offset=&#8221;vc_col-lg-7 vc_col-md-9&#8243;][vc_column_text]\n<h4>Misi\u00f3n<\/h4>\n<p>Satisfacer consistentemente las cambiantes necesidades de conveniencia de nuestros clientes y consumidores, a trav\u00e9s de la ejecuci\u00f3n de RI, ofreci\u00e9ndoles la mejor experiencia de compra.[\/vc_column_text][\/vc_column][\/vc_row][vc_row thb_divider_position=&#8221;bottom&#8221; el_class=&#8221;vc_hidden-lg vc_hidden-md&#8221; css=&#8221;.vc_custom_1651525867186{margin-top: 100px !important;padding-right: 5% !important;padding-left: 5% !important;}&#8221;][vc_column offset=&#8221;vc_col-lg-7 vc_col-md-9&#8243;][vc_column_text]\n<h3>Misi\u00f3n<\/h3>\n<p style=\"font-size: 22px;\">Satisfacer consistentemente las cambiantes necesidades de conveniencia de nuestros clientes y consumidores, a trav\u00e9s de la ejecuci\u00f3n de RI, ofreci\u00e9ndoles la mejor experiencia de compra.<\/p>\n[\/vc_column_text][\/vc_column][\/vc_row][vc_row content_placement=&#8221;middle&#8221; thb_divider_position=&#8221;bottom&#8221; el_class=&#8221;vc_hidden-sm vc_hidden-xs&#8221;][vc_column offset=&#8221;vc_col-lg-7 vc_col-md-9&#8243;][vc_column_text]\n<h4>Visi\u00f3n<\/h4>\n<p><strong>Innovamos en todo<\/strong><br \/>\nPromovemos una mentalidad innovadora a trav\u00e9s del uso de la tecnolog\u00eda, haci\u00e9ndolo conveniente y sostenible.<\/p>\n<p><strong>Nos obsesionamos por la preferencia del Consumidor<\/strong><br \/>\nReconocemos al consumidor como nuestro \u00fanico jefe y nos esforzamos por satisfacer sus necesidades cambiantes.<\/p>\n<p><strong>Buscamos ser mejores cada d\u00eda<\/strong><br \/>\nImpulsamos nuestros resultados actuando con integridad, bas\u00e1ndonos en hechos y datos.<\/p>\n<p><strong>Desarrollamos un equipo campe\u00f3n<\/strong><br \/>\nConstruimos un solo Iconn, basado en colaboraci\u00f3n, diversidad y respeto.[\/vc_column_text][\/vc_column][\/vc_row][vc_row content_placement=&#8221;middle&#8221; thb_divider_position=&#8221;bottom&#8221; el_class=&#8221;vc_hidden-lg vc_hidden-md&#8221; css=&#8221;.vc_custom_1651525873757{padding-right: 5% !important;padding-left: 5% !important;}&#8221;][vc_column offset=&#8221;vc_col-lg-7 vc_col-md-9&#8243;][vc_column_text]\n<h3>Visi\u00f3n<\/h3>\n<h4>Innovamos en todo<\/h4>\n<p style=\"font-size: 22px;\">Promovemos una mentalidad innovadora a trav\u00e9s del uso de la tecnolog\u00eda, haci\u00e9ndolo conveniente y sostenible.<\/p>\n<h4>Nos obsesionamos por la preferencia del Consumidor<\/h4>\n<p style=\"font-size: 22px;\">Reconocemos al consumidor como nuestro \u00fanico jefe y nos esforzamos por satisfacer sus necesidades cambiantes.<\/p>\n<h4>Buscamos ser mejores cada d\u00eda<\/h4>\n<p style=\"font-size: 22px;\">Impulsamos nuestros resultados actuando con integridad, bas\u00e1ndonos en hechos y datos.<\/p>\n<h4>Desarrollamos un equipo campe\u00f3n<\/h4>\n<p style=\"font-size: 22px;\">Construimos un solo Iconn, basado en colaboraci\u00f3n, diversidad y respeto.<\/p>\n[\/vc_column_text][\/vc_column][\/vc_row][vc_row content_placement=&#8221;middle&#8221; thb_divider_position=&#8221;bottom&#8221; el_class=&#8221;vc_hidden-sm vc_hidden-xs&#8221;][vc_column offset=&#8221;vc_col-lg-7 vc_col-md-9&#8243;][vc_column_text]7-Eleven<sup>\u00ae<\/sup>\u00a0M\u00e9xico fue fundado en 1976 en Monterrey, Nuevo Le\u00f3n; con la asociaci\u00f3n de Iconn y 7-Eleven, Inc. Se\u00a0unieron\u00a0la experiencia comercial de Iconn y el liderazgo mundial en tiendas de conveniencia de 7-Eleven.<\/p>\n<p>En 7-Eleven M\u00e9xico nos esmeramos para llevar a nuestros consumidores productos y servicios de la m\u00e1s alta calidad en\u00a0una manera r\u00e1pida y conveniente, las 24 horas\u00a0del d\u00eda, en ubicaciones preferentes y en un ambiente agradable y seguro.<\/p>\n<p>7-Eleven M\u00e9xico es una cadena de tiendas de conveniencia pionera de este concepto en el pa\u00eds. Cuenta actualmente con m\u00e1s de 1,800 tiendas en varias zonas de la Rep\u00fablica Mexicana, tales como Baja California, Coahuila, CDMX, Estado de M\u00e9xico, Jalisco, Morelos, Nuevo Le\u00f3n, Puebla, Sonora, Tamaulipas, Yucat\u00e1n y Quintana Roo.[\/vc_column_text][\/vc_column][\/vc_row][vc_row content_placement=&#8221;middle&#8221; thb_divider_position=&#8221;bottom&#8221; el_class=&#8221;vc_hidden-lg vc_hidden-md&#8221; css=&#8221;.vc_custom_1651525984191{margin-top: 100px !important;padding-right: 5% !important;padding-left: 5% !important;}&#8221;][vc_column offset=&#8221;vc_col-lg-7 vc_col-md-9&#8243;][vc_column_text]7-Eleven<sup>\u00ae<\/sup>\u00a0M\u00e9xico fue fundado en 1976 en Monterrey, Nuevo Le\u00f3n; con la asociaci\u00f3n de Iconn y 7-Eleven, Inc. Se\u00a0unieron\u00a0la experiencia comercial de Iconn y el liderazgo mundial en tiendas de conveniencia de 7-Eleven.<\/p>\n<p>En 7-Eleven M\u00e9xico nos esmeramos para llevar a nuestros consumidores productos y servicios de la m\u00e1s alta calidad en\u00a0una manera r\u00e1pida y conveniente, las 24 horas\u00a0del d\u00eda, en ubicaciones preferentes y en un ambiente agradable y seguro.<\/p>\n<p>7-Eleven M\u00e9xico es una cadena de tiendas de conveniencia pionera de este concepto en el pa\u00eds. Cuenta actualmente con m\u00e1s de 1,800 tiendas en varias zonas de la Rep\u00fablica Mexicana, tales como Baja California, Coahuila, CDMX, Estado de M\u00e9xico, Jalisco, Morelos, Nuevo Le\u00f3n, Puebla, Sonora, Tamaulipas, Yucat\u00e1n y Quintana Roo.[\/vc_column_text][\/vc_column][\/vc_row]\n","protected":false},"excerpt":{"rendered":"<p>[vc_row thb_divider_position=&#8221;bottom&#8221; el_class=&#8221;vc_hidden-sm vc_hidden-xs&#8221; css=&#8221;.vc_custom_1651525180668{margin-top: 100px !important;padding-top: 120px !important;padding-bottom: 30px !important;}&#8221;][vc_column offset=&#8221;vc_col-lg-7 vc_col-md-9&#8243;][vc_custom_heading text=&#8221;Somos parte de la cadena de Tiendas de Conveniencia m\u00e1s grande del mundo; vanguardista, en expansi\u00f3n y mejora continua.&#8221; font_container=&#8221;tag:h3|text_align:center&#8221; use_theme_fonts=&#8221;yes&#8221; el_class=&#8221;align-center&#8221;][\/vc_column][\/vc_row][vc_row thb_divider_position=&#8221;bottom&#8221; el_class=&#8221;vc_hidden-lg vc_hidden-md&#8221; css=&#8221;.vc_custom_1651525562410{margin-top: 50px !important;margin-bottom: 50px !important;padding-right: 5% !important;padding-left: 5% !important;}&#8221;][vc_column offset=&#8221;vc_col-lg-7 vc_col-md-9&#8243;][vc_column_text] Somos parte de la cadena de&hellip;<\/p>\n","protected":false},"author":1,"featured_media":0,"parent":1300,"menu_order":0,"comment_status":"closed","ping_status":"closed","template":"","meta":{"footnotes":""},"class_list":["post-1336","page","type-page","status-publish","hentry"],"yoast_head":"<!-- This site is optimized with the Yoast SEO plugin v23.8 - https:\/\/yoast.com\/wordpress\/plugins\/seo\/ -->\n<title>Quienes somos - 7-Eleven<\/title>\n<meta name=\"robots\" content=\"noindex, follow, max-snippet:-1, max-image-preview:large, max-video-preview:-1\" \/>\n<meta property=\"og:locale\" content=\"es_MX\" \/>\n<meta property=\"og:type\" content=\"article\" \/>\n<meta property=\"og:title\" content=\"Quienes somos - 7-Eleven\" \/>\n<meta property=\"og:description\" content=\"[vc_row thb_divider_position=&#8221;bottom&#8221; el_class=&#8221;vc_hidden-sm vc_hidden-xs&#8221; css=&#8221;.vc_custom_1651525180668{margin-top: 100px !important;padding-top: 120px !important;padding-bottom: 30px !important;}&#8221;][vc_column offset=&#8221;vc_col-lg-7 vc_col-md-9&#8243;][vc_custom_heading text=&#8221;Somos parte de la cadena de Tiendas de Conveniencia m\u00e1s grande del mundo; vanguardista, en expansi\u00f3n y mejora continua.&#8221; font_container=&#8221;tag:h3|text_align:center&#8221; use_theme_fonts=&#8221;yes&#8221; el_class=&#8221;align-center&#8221;][\/vc_column][\/vc_row][vc_row thb_divider_position=&#8221;bottom&#8221; el_class=&#8221;vc_hidden-lg vc_hidden-md&#8221; css=&#8221;.vc_custom_1651525562410{margin-top: 50px !important;margin-bottom: 50px !important;padding-right: 5% !important;padding-left: 5% !important;}&#8221;][vc_column offset=&#8221;vc_col-lg-7 vc_col-md-9&#8243;][vc_column_text] Somos parte de la cadena de&hellip;\" \/>\n<meta property=\"og:url\" content=\"https:\/\/developers.xoles.net\/711-2022\/nuestra-empresa\/quienes-somos\/\" \/>\n<meta property=\"og:site_name\" content=\"7-Eleven\" \/>\n<meta property=\"article:modified_time\" content=\"2022-05-02T21:13:05+00:00\" \/>\n<meta name=\"twitter:card\" content=\"summary_large_image\" \/>\n<meta name=\"twitter:label1\" content=\"Tiempo de lectura\" \/>\n\t<meta name=\"twitter:data1\" content=\"6 minutos\" \/>\n<script type=\"application\/ld+json\" class=\"yoast-schema-graph\">{\"@context\":\"https:\/\/schema.org\",\"@graph\":[{\"@type\":\"WebPage\",\"@id\":\"https:\/\/developers.xoles.net\/711-2022\/nuestra-empresa\/quienes-somos\/\",\"url\":\"https:\/\/developers.xoles.net\/711-2022\/nuestra-empresa\/quienes-somos\/\",\"name\":\"Quienes somos - 7-Eleven\",\"isPartOf\":{\"@id\":\"https:\/\/developers.xoles.net\/711-2022\/#website\"},\"datePublished\":\"2022-03-15T02:10:59+00:00\",\"dateModified\":\"2022-05-02T21:13:05+00:00\",\"breadcrumb\":{\"@id\":\"https:\/\/developers.xoles.net\/711-2022\/nuestra-empresa\/quienes-somos\/#breadcrumb\"},\"inLanguage\":\"es\",\"potentialAction\":[{\"@type\":\"ReadAction\",\"target\":[\"https:\/\/developers.xoles.net\/711-2022\/nuestra-empresa\/quienes-somos\/\"]}]},{\"@type\":\"BreadcrumbList\",\"@id\":\"https:\/\/developers.xoles.net\/711-2022\/nuestra-empresa\/quienes-somos\/#breadcrumb\",\"itemListElement\":[{\"@type\":\"ListItem\",\"position\":1,\"name\":\"Home\",\"item\":\"https:\/\/developers.xoles.net\/711-2022\/\"},{\"@type\":\"ListItem\",\"position\":2,\"name\":\"Nuestra Empresa\",\"item\":\"https:\/\/developers.xoles.net\/711-2022\/nuestra-empresa\/\"},{\"@type\":\"ListItem\",\"position\":3,\"name\":\"Quienes somos\"}]},{\"@type\":\"WebSite\",\"@id\":\"https:\/\/developers.xoles.net\/711-2022\/#website\",\"url\":\"https:\/\/developers.xoles.net\/711-2022\/\",\"name\":\"7-Eleven\",\"description\":\"Empieza aqu\u00ed\",\"potentialAction\":[{\"@type\":\"SearchAction\",\"target\":{\"@type\":\"EntryPoint\",\"urlTemplate\":\"https:\/\/developers.xoles.net\/711-2022\/?s={search_term_string}\"},\"query-input\":{\"@type\":\"PropertyValueSpecification\",\"valueRequired\":true,\"valueName\":\"search_term_string\"}}],\"inLanguage\":\"es\"}]}<\/script>\n<!-- \/ Yoast SEO plugin. -->","yoast_head_json":{"title":"Quienes somos - 7-Eleven","robots":{"index":"noindex","follow":"follow","max-snippet":"max-snippet:-1","max-image-preview":"max-image-preview:large","max-video-preview":"max-video-preview:-1"},"og_locale":"es_MX","og_type":"article","og_title":"Quienes somos - 7-Eleven","og_description":"[vc_row thb_divider_position=&#8221;bottom&#8221; el_class=&#8221;vc_hidden-sm vc_hidden-xs&#8221; css=&#8221;.vc_custom_1651525180668{margin-top: 100px !important;padding-top: 120px !important;padding-bottom: 30px !important;}&#8221;][vc_column offset=&#8221;vc_col-lg-7 vc_col-md-9&#8243;][vc_custom_heading text=&#8221;Somos parte de la cadena de Tiendas de Conveniencia m\u00e1s grande del mundo; vanguardista, en expansi\u00f3n y mejora continua.&#8221; font_container=&#8221;tag:h3|text_align:center&#8221; use_theme_fonts=&#8221;yes&#8221; el_class=&#8221;align-center&#8221;][\/vc_column][\/vc_row][vc_row thb_divider_position=&#8221;bottom&#8221; el_class=&#8221;vc_hidden-lg vc_hidden-md&#8221; css=&#8221;.vc_custom_1651525562410{margin-top: 50px !important;margin-bottom: 50px !important;padding-right: 5% !important;padding-left: 5% !important;}&#8221;][vc_column offset=&#8221;vc_col-lg-7 vc_col-md-9&#8243;][vc_column_text] Somos parte de la cadena de&hellip;","og_url":"https:\/\/developers.xoles.net\/711-2022\/nuestra-empresa\/quienes-somos\/","og_site_name":"7-Eleven","article_modified_time":"2022-05-02T21:13:05+00:00","twitter_card":"summary_large_image","twitter_misc":{"Tiempo de lectura":"6 minutos"},"schema":{"@context":"https:\/\/schema.org","@graph":[{"@type":"WebPage","@id":"https:\/\/developers.xoles.net\/711-2022\/nuestra-empresa\/quienes-somos\/","url":"https:\/\/developers.xoles.net\/711-2022\/nuestra-empresa\/quienes-somos\/","name":"Quienes somos - 7-Eleven","isPartOf":{"@id":"https:\/\/developers.xoles.net\/711-2022\/#website"},"datePublished":"2022-03-15T02:10:59+00:00","dateModified":"2022-05-02T21:13:05+00:00","breadcrumb":{"@id":"https:\/\/developers.xoles.net\/711-2022\/nuestra-empresa\/quienes-somos\/#breadcrumb"},"inLanguage":"es","potentialAction":[{"@type":"ReadAction","target":["https:\/\/developers.xoles.net\/711-2022\/nuestra-empresa\/quienes-somos\/"]}]},{"@type":"BreadcrumbList","@id":"https:\/\/developers.xoles.net\/711-2022\/nuestra-empresa\/quienes-somos\/#breadcrumb","itemListElement":[{"@type":"ListItem","position":1,"name":"Home","item":"https:\/\/developers.xoles.net\/711-2022\/"},{"@type":"ListItem","position":2,"name":"Nuestra Empresa","item":"https:\/\/developers.xoles.net\/711-2022\/nuestra-empresa\/"},{"@type":"ListItem","position":3,"name":"Quienes somos"}]},{"@type":"WebSite","@id":"https:\/\/developers.xoles.net\/711-2022\/#website","url":"https:\/\/developers.xoles.net\/711-2022\/","name":"7-Eleven","description":"Empieza aqu\u00ed","potentialAction":[{"@type":"SearchAction","target":{"@type":"EntryPoint","urlTemplate":"https:\/\/developers.xoles.net\/711-2022\/?s={search_term_string}"},"query-input":{"@type":"PropertyValueSpecification","valueRequired":true,"valueName":"search_term_string"}}],"inLanguage":"es"}]}},"_links":{"self":[{"href":"https:\/\/developers.xoles.net\/711-2022\/wp-json\/wp\/v2\/pages\/1336"}],"collection":[{"href":"https:\/\/developers.xoles.net\/711-2022\/wp-json\/wp\/v2\/pages"}],"about":[{"href":"https:\/\/developers.xoles.net\/711-2022\/wp-json\/wp\/v2\/types\/page"}],"author":[{"embeddable":true,"href":"https:\/\/developers.xoles.net\/711-2022\/wp-json\/wp\/v2\/users\/1"}],"replies":[{"embeddable":true,"href":"https:\/\/developers.xoles.net\/711-2022\/wp-json\/wp\/v2\/comments?post=1336"}],"version-history":[{"count":23,"href":"https:\/\/developers.xoles.net\/711-2022\/wp-json\/wp\/v2\/pages\/1336\/revisions"}],"predecessor-version":[{"id":3047,"href":"https:\/\/developers.xoles.net\/711-2022\/wp-json\/wp\/v2\/pages\/1336\/revisions\/3047"}],"up":[{"embeddable":true,"href":"https:\/\/developers.xoles.net\/711-2022\/wp-json\/wp\/v2\/pages\/1300"}],"wp:attachment":[{"href":"https:\/\/developers.xoles.net\/711-2022\/wp-json\/wp\/v2\/media?parent=1336"}],"curies":[{"name":"wp","href":"https:\/\/api.w.org\/{rel}","templated":true}]}}